{"id":4322,"date":"2021-07-19T16:10:40","date_gmt":"2021-07-19T14:10:40","guid":{"rendered":"https:\/\/www.tabernalascopas.es\/politica-de-privacidad\/"},"modified":"2021-07-19T18:14:41","modified_gmt":"2021-07-19T16:14:41","slug":"privacy-policy","status":"publish","type":"page","link":"https:\/\/www.tabernalascopas.es\/en\/privacy-policy\/","title":{"rendered":"Privacy Policy"},"content":{"rendered":"<div class=\"fusion-text fusion-text-1\">\n<div class=\"fusion-text fusion-text-1\">\n<p>En cumplimiento de lo establecido en el Reglamento (UE) 2016\/679 del Parlamento Europeo y del Consejo de 27 de abril de 2016 relativo a la protecci\u00f3n de las personas f\u00edsicas en lo que respecta al tratamiento de datos personales y a la libre circulaci\u00f3n de estos datos, as\u00ed como en la Ley Org\u00e1nica de Protecci\u00f3n de Datos, le informamos que, en Taberna Las Copas creemos y defendemos que tu privacidad es algo muy importante y que s\u00f3lo t\u00fa debes poder decidir qu\u00e9 uso se hace de tu informaci\u00f3n. Por eso, nos hemos adecuado a la normativa europea de Protecci\u00f3n de Datos personales y ponemos a tu disposici\u00f3n todo lo que necesitas para entenderla y te pedimos que nos digas qu\u00e9 podemos y no podemos hacer con tus datos.<\/p>\n<p>En cumplimiento del Reglamento (UE) 2016\/679 del Parlamento Europeo y del Consejo, de 27 de abril de 2016 relativo a la protecci\u00f3n de las personas f\u00edsicas en lo que respecta al tratamiento de datos personales y a la libre circulaci\u00f3n de estos datos (RGPD), as\u00ed como la Ley Org\u00e1nica de Protecci\u00f3n de Datos, le informamos de lo siguiente:<\/p>\n<h3 class=\"fusion-responsive-typography-calculated\" data-fontsize=\"26\" data-lineheight=\"34.5833px\">\u00bfQui\u00e9n es el responsable de tus datos?<\/h3>\n<p><strong>Identidad: <\/strong>Salimel 17 S.., actuando bajo la denominaci\u00f3n comercial de Taberna Las Copas.<br \/>\n<strong>CIF: <\/strong>B19706191<br \/>\n<strong>Direcci\u00f3n: <\/strong>Calle Navas 19, 18009 Granada<br \/>\n<strong>Tel\u00e9fono: <\/strong> <a href=\"tel:+34958049424\">958 049 424<\/a><br \/>\n<strong>Correo electr\u00f3nico: <\/strong>info@tabernalascopas.es<br \/>\nDirecci\u00f3n de p\u00e1gina electr\u00f3nica: www.tabernalascopas.es<\/p>\n<h3 class=\"fusion-responsive-typography-calculated\" data-fontsize=\"26\" data-lineheight=\"34.5833px\">\u00bfPara qu\u00e9 vamos a usar tus datos?<\/h3>\n<p>En Taberna Las Copas utilizamos tus datos personales, bajo nuestro inter\u00e9s leg\u00edtimo:<\/p>\n<ul>\n<li>Si contactas con nosotros a trav\u00e9s de la web o redes sociales: para dar respuesta a la solicitud de informaci\u00f3n.<\/li>\n<li>Si nos haces llegar tu CV: para posibles futuros procesos de selecci\u00f3n del personal.<\/li>\n<\/ul>\n<p>Asimismo, le informamos que desde Taberna Las Copas no se tomar\u00e1n decisiones automatizadas en base a su perfil.<\/p>\n<h3 class=\"fusion-responsive-typography-calculated\" data-fontsize=\"26\" data-lineheight=\"34.5833px\">\u00bfA qui\u00e9n comunicaremos tus datos?<\/h3>\n<p>Nosotros tenemos una serie de obligaciones legales que debemos cumplir respecto de tus datos. Entre ellas, debemos facilitar estos datos cuando nos los solicite la Agencia Tributaria.<br \/>\nAsimismo, y si contamos con su consentimiento, podremos enviarle aquellas informaciones comerciales acerca de nuestros servicios y tratamientos que puedan resultarle de utilidad.<\/p>\n<p>Debe tener en cuenta de que si contacta con nuestro equipo a trav\u00e9s de alguno de los perfiles en redes sociales que Taberna Las Copas pone a disposici\u00f3n de los usuarios, adem\u00e1s de cedernos los datos que nos facilite a nuestra entidad, tambi\u00e9n los estar\u00e1 cediendo a las entidades responsables de esa propia red social. Para conocer el uso y tratamiento que estas entidades hacen de sus datos, le aconsejamos que lea detenidamente las pol\u00edticas de privacidad de las redes sociales que tenga activas.<\/p>\n<h3 class=\"fusion-responsive-typography-calculated\" data-fontsize=\"26\" data-lineheight=\"34.5833px\">\u00bfDe d\u00f3nde obtenemos tus datos?<\/h3>\n<p>Obtenemos tus datos cuando<\/p>\n<ul>\n<li>Nos los facilitas a trav\u00e9s del formulario de contacto.<\/li>\n<li>Contactas con nosotros a trav\u00e9s de la web o redes sociales.<\/li>\n<li>Nos haces llegar tu curr\u00edculum para posibles procesos de selecci\u00f3n de personal.<\/li>\n<\/ul>\n<h3 class=\"fusion-responsive-typography-calculated\" data-fontsize=\"26\" data-lineheight=\"34.5833px\">\u00bfCu\u00e1les son tus derechos y c\u00f3mo puedes ejercitarlos?<\/h3>\n<p>Podr\u00e1s acceder, rectificar, suprimir y oponerte a determinados tratamientos, as\u00ed como ejercer tu derecho a la limitaci\u00f3n del tratamiento, a la portabilidad y a no ser objeto de una decisi\u00f3n individual basada \u00fanicamente en un tratamiento automatizado.<\/p>\n<p>Del mismo modo, podr\u00e1s retirar tu consentimiento para el tratamiento de tus datos personales en cualquier momento. Por descontado, podr\u00e1s oponerte en cualquier momento a recibir publicidad sobre nuestros servicios.<\/p>\n<h3 class=\"fusion-responsive-typography-calculated\" data-fontsize=\"26\" data-lineheight=\"34.5833px\">\u00bfDurante cu\u00e1nto tiempo conservamos tus datos?<\/h3>\n<ul>\n<li>Si eres solicitante de empleo: Hasta el fin del proceso de selecci\u00f3n y 3 a\u00f1os m\u00e1s.<\/li>\n<li>Si has contactado con nosotros a trav\u00e9s de la web o redes sociales: Hasta que termine el tratamiento o solicites la supresi\u00f3n de tus datos.<\/li>\n<\/ul>\n<p>Taberna Las Copas tambi\u00e9n deber\u00e1 conservar determinada informaci\u00f3n en base a requerimientos legales.<\/p>\n<p>Taberna Las Copas cumple con las directrices del Reglamento (UE) 2016\/679 del Parlamento Europeo y del Consejo, de 27 de abril de 2016 relativo a la protecci\u00f3n de las personas f\u00edsicas en lo que respecta al tratamiento de datos personales y a la libre circulaci\u00f3n de estos datos (RGPD), as\u00ed como la Ley Org\u00e1nica de Protecci\u00f3n de Datos y dem\u00e1s normativa vigente en cada momento, y vela por garantizar el correcto uso y tratamiento de los datos personales del usuario. Para ello, junto a cada formulario de recabo de datos de car\u00e1cter personal, en los servicios que el usuario pueda solicitar a info@tabernalascopas.es, har\u00e1 saber al usuario, seg\u00fan lo dispuesto en el art\u00edculo 15.1 del RGPD, lo siguiente: (i) los fines del tratamiento; (ii) las categor\u00edas de datos personales de que se trate; (iii) los destinatarios o las categor\u00edas de destinatarios a los que se comunicaron o ser\u00e1n comunicados los datos personales, en particular destinatarios en terceros pa\u00edses u organizaciones internacionales; (iv) el plazo de conservaci\u00f3n de los datos personales o, de no ser posible, los criterios utilizados para determinar este plazo; (v) la existencia del derecho a solicitar del responsable la rectificaci\u00f3n o supresi\u00f3n de los datos personales o la limitaci\u00f3n del tratamiento de datos personales relativos al interesado, o a oponerse a dicho tratamiento; (vi) el derecho a presentar una reclamaci\u00f3n ante una autoridad de control; (vii) cuando los datos personales no se hayan obtenido del interesado, cualquier informaci\u00f3n disponible sobre su origen; (viii) la existencia de decisiones automatizadas, incluida la elaboraci\u00f3n de perfiles a la que se refiere el art\u00edculo 22.1 y 4 del RGPD, y, al menos en tales casos, informaci\u00f3n significativa sobre la l\u00f3gica aplicada, as\u00ed como la importancia y las consecuencias previstas de dicho tratamiento para el interesado.<\/p>\n<p>Taberna Las Copas informa que da cumplimiento a la ley 34\/2002 de 11 de julio, de Servicios de la Sociedad de la Informaci\u00f3n y el Comercio Electr\u00f3nico y le solicitar\u00e1 su consentimiento al tratamiento de su correo electr\u00f3nico con fines comerciales en cada momento.<\/p>\n<\/div>\n<\/div>\n","protected":false},"excerpt":{"rendered":"<p>En cumplimiento de lo establecido en el Reglamento (UE) 2016\/679  [&#8230;]<\/p>\n","protected":false},"author":3,"featured_media":4330,"parent":0,"menu_order":0,"comment_status":"closed","ping_status":"closed","template":"","meta":{"_seopress_robots_primary_cat":"","_seopress_titles_title":"","_seopress_titles_desc":"","_seopress_robots_index":"","_joinchat":[],"footnotes":""},"class_list":["post-4322","page","type-page","status-publish","has-post-thumbnail","hentry"],"_links":{"self":[{"href":"https:\/\/www.tabernalascopas.es\/en\/wp-json\/wp\/v2\/pages\/4322","targetHints":{"allow":["GET"]}}],"collection":[{"href":"https:\/\/www.tabernalascopas.es\/en\/wp-json\/wp\/v2\/pages"}],"about":[{"href":"https:\/\/www.tabernalascopas.es\/en\/wp-json\/wp\/v2\/types\/page"}],"author":[{"embeddable":true,"href":"https:\/\/www.tabernalascopas.es\/en\/wp-json\/wp\/v2\/users\/3"}],"replies":[{"embeddable":true,"href":"https:\/\/www.tabernalascopas.es\/en\/wp-json\/wp\/v2\/comments?post=4322"}],"version-history":[{"count":0,"href":"https:\/\/www.tabernalascopas.es\/en\/wp-json\/wp\/v2\/pages\/4322\/revisions"}],"wp:featuredmedia":[{"embeddable":true,"href":"https:\/\/www.tabernalascopas.es\/en\/wp-json\/wp\/v2\/media\/4330"}],"wp:attachment":[{"href":"https:\/\/www.tabernalascopas.es\/en\/wp-json\/wp\/v2\/media?parent=4322"}],"curies":[{"name":"wp","href":"https:\/\/api.w.org\/{rel}","templated":true}]}}